{"id":1336,"date":"2018-10-18T09:57:00","date_gmt":"2018-10-18T07:57:00","guid":{"rendered":"https:\/\/inergis.pl?page_id=1336"},"modified":"2018-12-20T12:00:15","modified_gmt":"2018-12-20T11:00:15","slug":"uber-uns","status":"publish","type":"page","link":"https:\/\/inergis.pl\/de\/uber-uns\/","title":{"rendered":"Uber uns"},"content":{"rendered":"<p>Umfassend erbrachte Dienstleistungen, deren Professionalit\u00e4t auf technischem Wissen, Erfahrung und F\u00e4higkeiten unserer Mitarbeiter beruht, wurden von vielen Investoren gesch\u00e4tzt, f\u00fcr die wir \u00fcber 1000 verschiedene Arten von Investitionen get\u00e4tigt haben.<\/p>\n","protected":false},"excerpt":{"rendered":"<p>Umfassend erbrachte Dienstleistungen, deren Professionalit\u00e4t auf technischem Wissen, Erfahrung und F\u00e4higkeiten unserer Mitarbeiter beruht, wurden von vielen Investoren gesch\u00e4tzt, f\u00fcr die wir \u00fcber 1000 verschiedene Arten von Investitionen get\u00e4tigt haben.<\/p>\n","protected":false},"author":4,"featured_media":0,"parent":0,"menu_order":39,"comment_status":"closed","ping_status":"closed","template":"","meta":{"_acf_changed":false,"_uag_custom_page_level_css":"","ngg_post_thumbnail":0,"footnotes":""},"class_list":["post-1336","page","type-page","status-publish","hentry"],"acf":[],"yoast_head":"<!-- This site is optimized with the Yoast SEO plugin v26.2 - https:\/\/yoast.com\/wordpress\/plugins\/seo\/ -->\n<title>Uber uns - INERGIS S.A.<\/title>\n<meta name=\"robots\" content=\"index, follow, max-snippet:-1, max-image-preview:large, max-video-preview:-1\" \/>\n<link rel=\"canonical\" href=\"https:\/\/inergis.pl\/o-nas\/\" \/>\n<meta property=\"og:locale\" content=\"de_DE\" \/>\n<meta property=\"og:type\" content=\"article\" \/>\n<meta property=\"og:title\" content=\"Uber uns - INERGIS S.A.\" \/>\n<meta property=\"og:description\" content=\"Umfassend erbrachte Dienstleistungen, deren Professionalit\u00e4t auf technischem Wissen, Erfahrung und F\u00e4higkeiten unserer Mitarbeiter beruht, wurden von vielen Investoren gesch\u00e4tzt, f\u00fcr die wir \u00fcber 1000 verschiedene Arten von Investitionen get\u00e4tigt haben.\" \/>\n<meta property=\"og:url\" content=\"https:\/\/inergis.pl\/o-nas\/\" \/>\n<meta property=\"og:site_name\" content=\"INERGIS S.A.\" \/>\n<meta property=\"article:modified_time\" content=\"2018-12-20T11:00:15+00:00\" \/>\n<meta name=\"twitter:card\" content=\"summary_large_image\" \/>\n<script type=\"application\/ld+json\" class=\"yoast-schema-graph\">{\"@context\":\"https:\/\/schema.org\",\"@graph\":[{\"@type\":\"WebPage\",\"@id\":\"https:\/\/inergis.pl\/o-nas\/\",\"url\":\"https:\/\/inergis.pl\/o-nas\/\",\"name\":\"Uber uns - INERGIS S.A.\",\"isPartOf\":{\"@id\":\"https:\/\/inergis.pl\/#website\"},\"datePublished\":\"2018-10-18T07:57:00+00:00\",\"dateModified\":\"2018-12-20T11:00:15+00:00\",\"breadcrumb\":{\"@id\":\"https:\/\/inergis.pl\/o-nas\/#breadcrumb\"},\"inLanguage\":\"de\",\"potentialAction\":[{\"@type\":\"ReadAction\",\"target\":[\"https:\/\/inergis.pl\/o-nas\/\"]}]},{\"@type\":\"BreadcrumbList\",\"@id\":\"https:\/\/inergis.pl\/o-nas\/#breadcrumb\",\"itemListElement\":[{\"@type\":\"ListItem\",\"position\":1,\"name\":\"Strona g\u0142\u00f3wna\",\"item\":\"https:\/\/inergis.pl\/\"},{\"@type\":\"ListItem\",\"position\":2,\"name\":\"Uber uns\"}]},{\"@type\":\"WebSite\",\"@id\":\"https:\/\/inergis.pl\/#website\",\"url\":\"https:\/\/inergis.pl\/\",\"name\":\"INERGIS S.A.\",\"description\":\"Partner w modernizacji energetycznej.\",\"potentialAction\":[{\"@type\":\"SearchAction\",\"target\":{\"@type\":\"EntryPoint\",\"urlTemplate\":\"https:\/\/inergis.pl\/?s={search_term_string}\"},\"query-input\":{\"@type\":\"PropertyValueSpecification\",\"valueRequired\":true,\"valueName\":\"search_term_string\"}}],\"inLanguage\":\"de\"}]}<\/script>\n<!-- \/ Yoast SEO plugin. -->","yoast_head_json":{"title":"Uber uns - INERGIS S.A.","robots":{"index":"index","follow":"follow","max-snippet":"max-snippet:-1","max-image-preview":"max-image-preview:large","max-video-preview":"max-video-preview:-1"},"canonical":"https:\/\/inergis.pl\/o-nas\/","og_locale":"de_DE","og_type":"article","og_title":"Uber uns - INERGIS S.A.","og_description":"Umfassend erbrachte Dienstleistungen, deren Professionalit\u00e4t auf technischem Wissen, Erfahrung und F\u00e4higkeiten unserer Mitarbeiter beruht, wurden von vielen Investoren gesch\u00e4tzt, f\u00fcr die wir \u00fcber 1000 verschiedene Arten von Investitionen get\u00e4tigt haben.","og_url":"https:\/\/inergis.pl\/o-nas\/","og_site_name":"INERGIS S.A.","article_modified_time":"2018-12-20T11:00:15+00:00","twitter_card":"summary_large_image","schema":{"@context":"https:\/\/schema.org","@graph":[{"@type":"WebPage","@id":"https:\/\/inergis.pl\/o-nas\/","url":"https:\/\/inergis.pl\/o-nas\/","name":"Uber uns - INERGIS S.A.","isPartOf":{"@id":"https:\/\/inergis.pl\/#website"},"datePublished":"2018-10-18T07:57:00+00:00","dateModified":"2018-12-20T11:00:15+00:00","breadcrumb":{"@id":"https:\/\/inergis.pl\/o-nas\/#breadcrumb"},"inLanguage":"de","potentialAction":[{"@type":"ReadAction","target":["https:\/\/inergis.pl\/o-nas\/"]}]},{"@type":"BreadcrumbList","@id":"https:\/\/inergis.pl\/o-nas\/#breadcrumb","itemListElement":[{"@type":"ListItem","position":1,"name":"Strona g\u0142\u00f3wna","item":"https:\/\/inergis.pl\/"},{"@type":"ListItem","position":2,"name":"Uber uns"}]},{"@type":"WebSite","@id":"https:\/\/inergis.pl\/#website","url":"https:\/\/inergis.pl\/","name":"INERGIS S.A.","description":"Partner w modernizacji energetycznej.","potentialAction":[{"@type":"SearchAction","target":{"@type":"EntryPoint","urlTemplate":"https:\/\/inergis.pl\/?s={search_term_string}"},"query-input":{"@type":"PropertyValueSpecification","valueRequired":true,"valueName":"search_term_string"}}],"inLanguage":"de"}]}},"uagb_featured_image_src":{"full":false,"thumbnail":false,"medium":false,"medium_large":false,"large":false,"1536x1536":false,"2048x2048":false,"piro-thumb-360":false,"post-thumbnail":false,"woocommerce_thumbnail":false,"woocommerce_single":false,"woocommerce_gallery_thumbnail":false},"uagb_author_info":{"display_name":"Agnieszka Matwin","author_link":"https:\/\/inergis.pl\/de\/author\/agnieszka\/"},"uagb_comment_info":0,"uagb_excerpt":"Umfassend erbrachte Dienstleistungen, deren Professionalit\u00e4t auf technischem Wissen, Erfahrung und F\u00e4higkeiten unserer Mitarbeiter beruht, wurden von vielen Investoren gesch\u00e4tzt, f\u00fcr die wir \u00fcber 1000 verschiedene Arten von Investitionen get\u00e4tigt haben.","_links":{"self":[{"href":"https:\/\/inergis.pl\/de\/wp-json\/wp\/v2\/pages\/1336","targetHints":{"allow":["GET"]}}],"collection":[{"href":"https:\/\/inergis.pl\/de\/wp-json\/wp\/v2\/pages"}],"about":[{"href":"https:\/\/inergis.pl\/de\/wp-json\/wp\/v2\/types\/page"}],"author":[{"embeddable":true,"href":"https:\/\/inergis.pl\/de\/wp-json\/wp\/v2\/users\/4"}],"replies":[{"embeddable":true,"href":"https:\/\/inergis.pl\/de\/wp-json\/wp\/v2\/comments?post=1336"}],"version-history":[{"count":2,"href":"https:\/\/inergis.pl\/de\/wp-json\/wp\/v2\/pages\/1336\/revisions"}],"predecessor-version":[{"id":2095,"href":"https:\/\/inergis.pl\/de\/wp-json\/wp\/v2\/pages\/1336\/revisions\/2095"}],"wp:attachment":[{"href":"https:\/\/inergis.pl\/de\/wp-json\/wp\/v2\/media?parent=1336"}],"curies":[{"name":"wp","href":"https:\/\/api.w.org\/{rel}","templated":true}]}}